{"id":2295,"date":"2025-07-29T17:00:31","date_gmt":"2025-07-29T17:00:31","guid":{"rendered":"https:\/\/byteflows.net\/wp\/xHosting\/?page_id=2295"},"modified":"2025-07-29T17:00:31","modified_gmt":"2025-07-29T17:00:31","slug":"conditions-generales","status":"publish","type":"page","link":"https:\/\/resellton.com\/fr\/conditions-generales\/","title":{"rendered":"Conditions g\u00e9n\u00e9rales"},"content":{"rendered":"<div data-elementor-type=\"wp-page\" data-elementor-id=\"2295\" class=\"elementor elementor-2295\" data-elementor-post-type=\"page\">\n\t\t\t\t<div class=\"elementor-element elementor-element-ecb3e5c e-flex e-con-boxed e-con e-parent\" data-id=\"ecb3e5c\" data-element_type=\"container\" data-settings=\"{&quot;ekit_has_onepagescroll_dot&quot;:&quot;yes&quot;}\">\n\t\t\t\t\t<div class=\"e-con-inner\">\n\t\t<div class=\"elementor-element elementor-element-6a96f69 e-con-full e-flex e-con e-child\" data-id=\"6a96f69\" data-element_type=\"container\" data-settings=\"{&quot;ekit_has_onepagescroll_dot&quot;:&quot;yes&quot;}\">\n\t\t\t\t<div class=\"elementor-element elementor-element-29e425a elementor-widget elementor-widget-heading\" data-id=\"29e425a\" data-element_type=\"widget\" data-settings=\"{&quot;ekit_we_effect_on&quot;:&quot;none&quot;}\" data-widget_type=\"heading.default\">\n\t\t\t\t\t<h2 class=\"elementor-heading-title elementor-size-default\">1. Introduction<\/h2>\t\t\t\t<\/div>\n\t\t\t\t<div class=\"elementor-element elementor-element-f389998 elementor-widget elementor-widget-text-editor\" data-id=\"f389998\" data-element_type=\"widget\" data-settings=\"{&quot;ekit_we_effect_on&quot;:&quot;none&quot;}\" data-widget_type=\"text-editor.default\">\n\t\t\t\t\t\t\t\t\tBienvenue chez xHosting (\u201cxHosting\u201d, \u201cnous\u201d, \u201cnotre\u201d ou \u201cnos\u201d). En acc\u00e9dant ou en utilisant notre site web (www.marveltheme.com) et tous les services connexes (collectivement, les \u201cServices\u201d), vous acceptez d'\u00eatre li\u00e9 par les pr\u00e9sentes Conditions g\u00e9n\u00e9rales (\u201cCG\u201d). Si vous n'acceptez pas ces conditions g\u00e9n\u00e9rales, veuillez ne pas utiliser nos services.\t\t\t\t\t\t\t\t<\/div>\n\t\t\t\t<\/div>\n\t\t<div class=\"elementor-element elementor-element-a8ff4e9 e-con-full e-flex e-con e-child\" data-id=\"a8ff4e9\" data-element_type=\"container\" data-settings=\"{&quot;ekit_has_onepagescroll_dot&quot;:&quot;yes&quot;}\">\n\t\t\t\t<div class=\"elementor-element elementor-element-021b3c3 elementor-widget elementor-widget-heading\" data-id=\"021b3c3\" data-element_type=\"widget\" data-settings=\"{&quot;ekit_we_effect_on&quot;:&quot;none&quot;}\" data-widget_type=\"heading.default\">\n\t\t\t\t\t<h2 class=\"elementor-heading-title elementor-size-default\">2. Services offerts\n<\/h2>\t\t\t\t<\/div>\n\t\t\t\t<div class=\"elementor-element elementor-element-a2862e1 elementor-widget elementor-widget-text-editor\" data-id=\"a2862e1\" data-element_type=\"widget\" data-settings=\"{&quot;ekit_we_effect_on&quot;:&quot;none&quot;}\" data-widget_type=\"text-editor.default\">\n\t\t\t\t\t\t\t\t\txHosting fournit des services de conception et de d\u00e9veloppement personnalis\u00e9s, y compris la vente de th\u00e8mes WordPress sur la place de march\u00e9 Themeforest, aux particuliers et aux entreprises.\t\t\t\t\t\t\t\t<\/div>\n\t\t\t\t<\/div>\n\t\t<div class=\"elementor-element elementor-element-2081694 e-con-full e-flex e-con e-child\" data-id=\"2081694\" data-element_type=\"container\" data-settings=\"{&quot;ekit_has_onepagescroll_dot&quot;:&quot;yes&quot;}\">\n\t\t\t\t<div class=\"elementor-element elementor-element-4d561b1 elementor-widget elementor-widget-heading\" data-id=\"4d561b1\" data-element_type=\"widget\" data-settings=\"{&quot;ekit_we_effect_on&quot;:&quot;none&quot;}\" data-widget_type=\"heading.default\">\n\t\t\t\t\t<h2 class=\"elementor-heading-title elementor-size-default\">3. Conditions de paiement<\/h2>\t\t\t\t<\/div>\n\t\t\t\t<div class=\"elementor-element elementor-element-d6d3737 elementor-widget elementor-widget-text-editor\" data-id=\"d6d3737\" data-element_type=\"widget\" data-settings=\"{&quot;ekit_we_effect_on&quot;:&quot;none&quot;}\" data-widget_type=\"text-editor.default\">\n\t\t\t\t\t\t\t\t\tLe paiement de nos services est soumis aux tarifs et conditions convenus entre xHosting et le client. Les modes de paiement accept\u00e9s sont les suivants\t\t\t\t\t\t\t\t<\/div>\n\t\t\t\t<\/div>\n\t\t<div class=\"elementor-element elementor-element-767e0db e-con-full e-flex e-con e-child\" data-id=\"767e0db\" data-element_type=\"container\" data-settings=\"{&quot;ekit_has_onepagescroll_dot&quot;:&quot;yes&quot;}\">\n\t\t\t\t<div class=\"elementor-element elementor-element-fd01265 elementor-widget elementor-widget-heading\" data-id=\"fd01265\" data-element_type=\"widget\" data-settings=\"{&quot;ekit_we_effect_on&quot;:&quot;none&quot;}\" data-widget_type=\"heading.default\">\n\t\t\t\t\t<h2 class=\"elementor-heading-title elementor-size-default\">4. Responsabilit\u00e9s du client<\/h2>\t\t\t\t<\/div>\n\t\t\t\t<div class=\"elementor-element elementor-element-1f936f2 elementor-widget elementor-widget-text-editor\" data-id=\"1f936f2\" data-element_type=\"widget\" data-settings=\"{&quot;ekit_we_effect_on&quot;:&quot;none&quot;}\" data-widget_type=\"text-editor.default\">\n\t\t\t\t\t\t\t\t\tLes clients sont tenus de fournir en temps voulu les informations et le mat\u00e9riel n\u00e9cessaires \u00e0 l'ach\u00e8vement des projets. Le non-respect de cette obligation peut entra\u00eener des retards ou des frais suppl\u00e9mentaires.\t\t\t\t\t\t\t\t<\/div>\n\t\t\t\t<\/div>\n\t\t<div class=\"elementor-element elementor-element-52621f7 e-con-full e-flex e-con e-child\" data-id=\"52621f7\" data-element_type=\"container\" data-settings=\"{&quot;ekit_has_onepagescroll_dot&quot;:&quot;yes&quot;}\">\n\t\t\t\t<div class=\"elementor-element elementor-element-005d50e elementor-widget elementor-widget-heading\" data-id=\"005d50e\" data-element_type=\"widget\" data-settings=\"{&quot;ekit_we_effect_on&quot;:&quot;none&quot;}\" data-widget_type=\"heading.default\">\n\t\t\t\t\t<h2 class=\"elementor-heading-title elementor-size-default\">5. Droits de propri\u00e9t\u00e9 intellectuelle\n<\/h2>\t\t\t\t<\/div>\n\t\t\t\t<div class=\"elementor-element elementor-element-4bd3ca3 elementor-widget elementor-widget-text-editor\" data-id=\"4bd3ca3\" data-element_type=\"widget\" data-settings=\"{&quot;ekit_we_effect_on&quot;:&quot;none&quot;}\" data-widget_type=\"text-editor.default\">\n\t\t\t\t\t\t\t\t\tTous les droits de propri\u00e9t\u00e9 intellectuelle associ\u00e9s aux services fournis par xHosting, y compris, mais sans s'y limiter, les conceptions, les mod\u00e8les et le code, restent la propri\u00e9t\u00e9 de xHosting, sauf accord \u00e9crit contraire.\n\t\t\t\t\t\t\t\t<\/div>\n\t\t\t\t<\/div>\n\t\t<div class=\"elementor-element elementor-element-a569d09 e-con-full e-flex e-con e-child\" data-id=\"a569d09\" data-element_type=\"container\" data-settings=\"{&quot;ekit_has_onepagescroll_dot&quot;:&quot;yes&quot;}\">\n\t\t\t\t<div class=\"elementor-element elementor-element-e0c5027 elementor-widget elementor-widget-heading\" data-id=\"e0c5027\" data-element_type=\"widget\" data-settings=\"{&quot;ekit_we_effect_on&quot;:&quot;none&quot;}\" data-widget_type=\"heading.default\">\n\t\t\t\t\t<h2 class=\"elementor-heading-title elementor-size-default\">6. Limitation de la responsabilit\u00e9<\/h2>\t\t\t\t<\/div>\n\t\t\t\t<div class=\"elementor-element elementor-element-3ce854f elementor-widget elementor-widget-text-editor\" data-id=\"3ce854f\" data-element_type=\"widget\" data-settings=\"{&quot;ekit_we_effect_on&quot;:&quot;none&quot;}\" data-widget_type=\"text-editor.default\">\n\t\t\t\t\t\t\t\t\txHosting n'est pas responsable des dommages directs, indirects, accessoires, sp\u00e9ciaux ou cons\u00e9cutifs d\u00e9coulant de l'utilisation de nos services ou y \u00e9tant li\u00e9s de quelque mani\u00e8re que ce soit.\t\t\t\t\t\t\t\t<\/div>\n\t\t\t\t<\/div>\n\t\t<div class=\"elementor-element elementor-element-31752e4 e-con-full e-flex e-con e-child\" data-id=\"31752e4\" data-element_type=\"container\" data-settings=\"{&quot;ekit_has_onepagescroll_dot&quot;:&quot;yes&quot;}\">\n\t\t\t\t<div class=\"elementor-element elementor-element-d76b03b elementor-widget elementor-widget-heading\" data-id=\"d76b03b\" data-element_type=\"widget\" data-settings=\"{&quot;ekit_we_effect_on&quot;:&quot;none&quot;}\" data-widget_type=\"heading.default\">\n\t\t\t\t\t<h2 class=\"elementor-heading-title elementor-size-default\">7. Cessation des services<\/h2>\t\t\t\t<\/div>\n\t\t\t\t<div class=\"elementor-element elementor-element-7a125d3 elementor-widget elementor-widget-text-editor\" data-id=\"7a125d3\" data-element_type=\"widget\" data-settings=\"{&quot;ekit_we_effect_on&quot;:&quot;none&quot;}\" data-widget_type=\"text-editor.default\">\n\t\t\t\t\t\t\t\t\tL'une ou l'autre des parties peut mettre fin aux services moyennant un pr\u00e9avis \u00e9crit. Les clients peuvent \u00eatre responsables du paiement des honoraires pour le travail effectu\u00e9 jusqu'\u00e0 la date de r\u00e9siliation.\t\t\t\t\t\t\t\t<\/div>\n\t\t\t\t<\/div>\n\t\t<div class=\"elementor-element elementor-element-419a85c e-con-full e-flex e-con e-child\" data-id=\"419a85c\" data-element_type=\"container\" data-settings=\"{&quot;ekit_has_onepagescroll_dot&quot;:&quot;yes&quot;}\">\n\t\t\t\t<div class=\"elementor-element elementor-element-4414b93 elementor-widget elementor-widget-heading\" data-id=\"4414b93\" data-element_type=\"widget\" data-settings=\"{&quot;ekit_we_effect_on&quot;:&quot;none&quot;}\" data-widget_type=\"heading.default\">\n\t\t\t\t\t<h2 class=\"elementor-heading-title elementor-size-default\">8. Modifications des conditions g\u00e9n\u00e9rales<\/h2>\t\t\t\t<\/div>\n\t\t\t\t<div class=\"elementor-element elementor-element-3369526 elementor-widget elementor-widget-text-editor\" data-id=\"3369526\" data-element_type=\"widget\" data-settings=\"{&quot;ekit_we_effect_on&quot;:&quot;none&quot;}\" data-widget_type=\"text-editor.default\">\n\t\t\t\t\t\t\t\t\txHosting se r\u00e9serve le droit de mettre \u00e0 jour ou de modifier ces T&amp;C \u00e0 tout moment. Les modifications entreront en vigueur d\u00e8s leur publication sur notre site web. La poursuite de l'utilisation de nos services apr\u00e8s de telles modifications constitue l'acceptation des CG modifi\u00e9es.\t\t\t\t\t\t\t\t<\/div>\n\t\t\t\t<\/div>\n\t\t\t\t\t<\/div>\n\t\t\t\t<\/div>\n\t\t\t\t<\/div>","protected":false},"excerpt":{"rendered":"<p>1. Introduction Welcome to xHosting (&#8220;xHosting,&#8221; &#8220;we,&#8221; &#8220;us,&#8221; or &#8220;our&#8221;). By accessing or using our website (www.marveltheme.com) and any related services (collectively, the &#8220;Services&#8221;), you agree to be bound by these Terms &amp; Conditions (&#8220;T&amp;C&#8221;). If you do not agree to these T&amp;C, please do not use our Services. 2. Services Offered xHosting provides custom [&hellip;]<\/p>","protected":false},"author":1,"featured_media":0,"parent":0,"menu_order":0,"comment_status":"closed","ping_status":"closed","template":"elementor_header_footer","meta":{"footnotes":""},"class_list":["post-2295","page","type-page","status-publish","hentry"],"_links":{"self":[{"href":"https:\/\/resellton.com\/fr\/wp-json\/wp\/v2\/pages\/2295","targetHints":{"allow":["GET"]}}],"collection":[{"href":"https:\/\/resellton.com\/fr\/wp-json\/wp\/v2\/pages"}],"about":[{"href":"https:\/\/resellton.com\/fr\/wp-json\/wp\/v2\/types\/page"}],"author":[{"embeddable":true,"href":"https:\/\/resellton.com\/fr\/wp-json\/wp\/v2\/users\/1"}],"replies":[{"embeddable":true,"href":"https:\/\/resellton.com\/fr\/wp-json\/wp\/v2\/comments?post=2295"}],"version-history":[{"count":0,"href":"https:\/\/resellton.com\/fr\/wp-json\/wp\/v2\/pages\/2295\/revisions"}],"wp:attachment":[{"href":"https:\/\/resellton.com\/fr\/wp-json\/wp\/v2\/media?parent=2295"}],"curies":[{"name":"wp","href":"https:\/\/api.w.org\/{rel}","templated":true}]}}