{"id":2295,"date":"2025-07-29T17:00:31","date_gmt":"2025-07-29T17:00:31","guid":{"rendered":"https:\/\/byteflows.net\/wp\/xHosting\/?page_id=2295"},"modified":"2025-07-29T17:00:31","modified_gmt":"2025-07-29T17:00:31","slug":"bedingungen","status":"publish","type":"page","link":"https:\/\/resellton.com\/de\/bedingungen\/","title":{"rendered":"Bedingungen Bedingungen"},"content":{"rendered":"<div data-elementor-type=\"wp-page\" data-elementor-id=\"2295\" class=\"elementor elementor-2295\" data-elementor-post-type=\"page\">\n\t\t\t\t<div class=\"elementor-element elementor-element-ecb3e5c e-flex e-con-boxed e-con e-parent\" data-id=\"ecb3e5c\" data-element_type=\"container\" data-settings=\"{&quot;ekit_has_onepagescroll_dot&quot;:&quot;yes&quot;}\">\n\t\t\t\t\t<div class=\"e-con-inner\">\n\t\t<div class=\"elementor-element elementor-element-6a96f69 e-con-full e-flex e-con e-child\" data-id=\"6a96f69\" data-element_type=\"container\" data-settings=\"{&quot;ekit_has_onepagescroll_dot&quot;:&quot;yes&quot;}\">\n\t\t\t\t<div class=\"elementor-element elementor-element-29e425a elementor-widget elementor-widget-heading\" data-id=\"29e425a\" data-element_type=\"widget\" data-settings=\"{&quot;ekit_we_effect_on&quot;:&quot;none&quot;}\" data-widget_type=\"heading.default\">\n\t\t\t\t\t<h2 class=\"elementor-heading-title elementor-size-default\">1. Einleitung<\/h2>\t\t\t\t<\/div>\n\t\t\t\t<div class=\"elementor-element elementor-element-f389998 elementor-widget elementor-widget-text-editor\" data-id=\"f389998\" data-element_type=\"widget\" data-settings=\"{&quot;ekit_we_effect_on&quot;:&quot;none&quot;}\" data-widget_type=\"text-editor.default\">\n\t\t\t\t\t\t\t\t\tWillkommen bei xHosting (\u201cxHosting\u201d, \u201cwir\u201d, \u201cuns\u201d oder \u201cunser\u201d). Durch den Zugriff auf oder die Nutzung unserer Website (www.marveltheme.com) und aller damit verbundenen Dienstleistungen (zusammen die \u201cDienstleistungen\u201d) erkl\u00e4ren Sie sich mit diesen Allgemeinen Gesch\u00e4ftsbedingungen (\u201cAGB\u201d) einverstanden. Wenn Sie mit diesen AGB nicht einverstanden sind, nutzen Sie bitte unsere Dienste nicht.\t\t\t\t\t\t\t\t<\/div>\n\t\t\t\t<\/div>\n\t\t<div class=\"elementor-element elementor-element-a8ff4e9 e-con-full e-flex e-con e-child\" data-id=\"a8ff4e9\" data-element_type=\"container\" data-settings=\"{&quot;ekit_has_onepagescroll_dot&quot;:&quot;yes&quot;}\">\n\t\t\t\t<div class=\"elementor-element elementor-element-021b3c3 elementor-widget elementor-widget-heading\" data-id=\"021b3c3\" data-element_type=\"widget\" data-settings=\"{&quot;ekit_we_effect_on&quot;:&quot;none&quot;}\" data-widget_type=\"heading.default\">\n\t\t\t\t\t<h2 class=\"elementor-heading-title elementor-size-default\">2. Angebotene Dienstleistungen\n<\/h2>\t\t\t\t<\/div>\n\t\t\t\t<div class=\"elementor-element elementor-element-a2862e1 elementor-widget elementor-widget-text-editor\" data-id=\"a2862e1\" data-element_type=\"widget\" data-settings=\"{&quot;ekit_we_effect_on&quot;:&quot;none&quot;}\" data-widget_type=\"text-editor.default\">\n\t\t\t\t\t\t\t\t\txHosting bietet individuelle Design- und Entwicklungsdienstleistungen, einschlie\u00dflich des Verkaufs von WordPress-Themen auf dem Themeforest-Marktplatz, f\u00fcr Privatpersonen und Unternehmen.\t\t\t\t\t\t\t\t<\/div>\n\t\t\t\t<\/div>\n\t\t<div class=\"elementor-element elementor-element-2081694 e-con-full e-flex e-con e-child\" data-id=\"2081694\" data-element_type=\"container\" data-settings=\"{&quot;ekit_has_onepagescroll_dot&quot;:&quot;yes&quot;}\">\n\t\t\t\t<div class=\"elementor-element elementor-element-4d561b1 elementor-widget elementor-widget-heading\" data-id=\"4d561b1\" data-element_type=\"widget\" data-settings=\"{&quot;ekit_we_effect_on&quot;:&quot;none&quot;}\" data-widget_type=\"heading.default\">\n\t\t\t\t\t<h2 class=\"elementor-heading-title elementor-size-default\">3. Zahlungsbedingungen<\/h2>\t\t\t\t<\/div>\n\t\t\t\t<div class=\"elementor-element elementor-element-d6d3737 elementor-widget elementor-widget-text-editor\" data-id=\"d6d3737\" data-element_type=\"widget\" data-settings=\"{&quot;ekit_we_effect_on&quot;:&quot;none&quot;}\" data-widget_type=\"text-editor.default\">\n\t\t\t\t\t\t\t\t\tDie Zahlung f\u00fcr unsere Dienstleistungen unterliegt den zwischen xHosting und dem Kunden vereinbarten Tarifen und Bedingungen. Akzeptierte Zahlungsarten sind\t\t\t\t\t\t\t\t<\/div>\n\t\t\t\t<\/div>\n\t\t<div class=\"elementor-element elementor-element-767e0db e-con-full e-flex e-con e-child\" data-id=\"767e0db\" data-element_type=\"container\" data-settings=\"{&quot;ekit_has_onepagescroll_dot&quot;:&quot;yes&quot;}\">\n\t\t\t\t<div class=\"elementor-element elementor-element-fd01265 elementor-widget elementor-widget-heading\" data-id=\"fd01265\" data-element_type=\"widget\" data-settings=\"{&quot;ekit_we_effect_on&quot;:&quot;none&quot;}\" data-widget_type=\"heading.default\">\n\t\t\t\t\t<h2 class=\"elementor-heading-title elementor-size-default\">4. Verantwortlichkeiten der Kunden<\/h2>\t\t\t\t<\/div>\n\t\t\t\t<div class=\"elementor-element elementor-element-1f936f2 elementor-widget elementor-widget-text-editor\" data-id=\"1f936f2\" data-element_type=\"widget\" data-settings=\"{&quot;ekit_we_effect_on&quot;:&quot;none&quot;}\" data-widget_type=\"text-editor.default\">\n\t\t\t\t\t\t\t\t\tDie Kunden sind daf\u00fcr verantwortlich, dass die f\u00fcr die Durchf\u00fchrung der Projekte erforderlichen Informationen und Materialien korrekt und rechtzeitig zur Verf\u00fcgung gestellt werden. Andernfalls kann es zu Verz\u00f6gerungen oder zus\u00e4tzlichen Geb\u00fchren kommen.\t\t\t\t\t\t\t\t<\/div>\n\t\t\t\t<\/div>\n\t\t<div class=\"elementor-element elementor-element-52621f7 e-con-full e-flex e-con e-child\" data-id=\"52621f7\" data-element_type=\"container\" data-settings=\"{&quot;ekit_has_onepagescroll_dot&quot;:&quot;yes&quot;}\">\n\t\t\t\t<div class=\"elementor-element elementor-element-005d50e elementor-widget elementor-widget-heading\" data-id=\"005d50e\" data-element_type=\"widget\" data-settings=\"{&quot;ekit_we_effect_on&quot;:&quot;none&quot;}\" data-widget_type=\"heading.default\">\n\t\t\t\t\t<h2 class=\"elementor-heading-title elementor-size-default\">5. Rechte an geistigem Eigentum\n<\/h2>\t\t\t\t<\/div>\n\t\t\t\t<div class=\"elementor-element elementor-element-4bd3ca3 elementor-widget elementor-widget-text-editor\" data-id=\"4bd3ca3\" data-element_type=\"widget\" data-settings=\"{&quot;ekit_we_effect_on&quot;:&quot;none&quot;}\" data-widget_type=\"text-editor.default\">\n\t\t\t\t\t\t\t\t\tAlle geistigen Eigentumsrechte im Zusammenhang mit den von xHosting erbrachten Dienstleistungen, einschlie\u00dflich, aber nicht beschr\u00e4nkt auf Designs, Vorlagen und Code, verbleiben im Eigentum von xHosting, sofern nichts anderes schriftlich vereinbart wurde.\n\t\t\t\t\t\t\t\t<\/div>\n\t\t\t\t<\/div>\n\t\t<div class=\"elementor-element elementor-element-a569d09 e-con-full e-flex e-con e-child\" data-id=\"a569d09\" data-element_type=\"container\" data-settings=\"{&quot;ekit_has_onepagescroll_dot&quot;:&quot;yes&quot;}\">\n\t\t\t\t<div class=\"elementor-element elementor-element-e0c5027 elementor-widget elementor-widget-heading\" data-id=\"e0c5027\" data-element_type=\"widget\" data-settings=\"{&quot;ekit_we_effect_on&quot;:&quot;none&quot;}\" data-widget_type=\"heading.default\">\n\t\t\t\t\t<h2 class=\"elementor-heading-title elementor-size-default\">6. Begrenzung der Haftung<\/h2>\t\t\t\t<\/div>\n\t\t\t\t<div class=\"elementor-element elementor-element-3ce854f elementor-widget elementor-widget-text-editor\" data-id=\"3ce854f\" data-element_type=\"widget\" data-settings=\"{&quot;ekit_we_effect_on&quot;:&quot;none&quot;}\" data-widget_type=\"text-editor.default\">\n\t\t\t\t\t\t\t\t\txHosting haftet nicht f\u00fcr direkte, indirekte, zuf\u00e4llige, besondere oder Folgesch\u00e4den, die sich aus der Nutzung unserer Dienste ergeben oder in irgendeiner Weise damit verbunden sind.\t\t\t\t\t\t\t\t<\/div>\n\t\t\t\t<\/div>\n\t\t<div class=\"elementor-element elementor-element-31752e4 e-con-full e-flex e-con e-child\" data-id=\"31752e4\" data-element_type=\"container\" data-settings=\"{&quot;ekit_has_onepagescroll_dot&quot;:&quot;yes&quot;}\">\n\t\t\t\t<div class=\"elementor-element elementor-element-d76b03b elementor-widget elementor-widget-heading\" data-id=\"d76b03b\" data-element_type=\"widget\" data-settings=\"{&quot;ekit_we_effect_on&quot;:&quot;none&quot;}\" data-widget_type=\"heading.default\">\n\t\t\t\t\t<h2 class=\"elementor-heading-title elementor-size-default\">7. Beendigung von Dienstleistungen<\/h2>\t\t\t\t<\/div>\n\t\t\t\t<div class=\"elementor-element elementor-element-7a125d3 elementor-widget elementor-widget-text-editor\" data-id=\"7a125d3\" data-element_type=\"widget\" data-settings=\"{&quot;ekit_we_effect_on&quot;:&quot;none&quot;}\" data-widget_type=\"text-editor.default\">\n\t\t\t\t\t\t\t\t\tJede Partei kann die Dienste durch schriftliche Mitteilung beenden. Die Kunden k\u00f6nnen f\u00fcr die Zahlung der Geb\u00fchren f\u00fcr die bis zum K\u00fcndigungsdatum geleistete Arbeit verantwortlich sein.\t\t\t\t\t\t\t\t<\/div>\n\t\t\t\t<\/div>\n\t\t<div class=\"elementor-element elementor-element-419a85c e-con-full e-flex e-con e-child\" data-id=\"419a85c\" data-element_type=\"container\" data-settings=\"{&quot;ekit_has_onepagescroll_dot&quot;:&quot;yes&quot;}\">\n\t\t\t\t<div class=\"elementor-element elementor-element-4414b93 elementor-widget elementor-widget-heading\" data-id=\"4414b93\" data-element_type=\"widget\" data-settings=\"{&quot;ekit_we_effect_on&quot;:&quot;none&quot;}\" data-widget_type=\"heading.default\">\n\t\t\t\t\t<h2 class=\"elementor-heading-title elementor-size-default\">8. \u00c4nderungen der Bedingungen und Konditionen<\/h2>\t\t\t\t<\/div>\n\t\t\t\t<div class=\"elementor-element elementor-element-3369526 elementor-widget elementor-widget-text-editor\" data-id=\"3369526\" data-element_type=\"widget\" data-settings=\"{&quot;ekit_we_effect_on&quot;:&quot;none&quot;}\" data-widget_type=\"text-editor.default\">\n\t\t\t\t\t\t\t\t\txHosting beh\u00e4lt sich das Recht vor, diese AGB jederzeit zu aktualisieren oder zu \u00e4ndern. \u00c4nderungen werden sofort nach Ver\u00f6ffentlichung auf unserer Website wirksam. Die fortgesetzte Nutzung unserer Dienstleistungen nach solchen \u00c4nderungen bedeutet die Annahme der ge\u00e4nderten AGB.\t\t\t\t\t\t\t\t<\/div>\n\t\t\t\t<\/div>\n\t\t\t\t\t<\/div>\n\t\t\t\t<\/div>\n\t\t\t\t<\/div>","protected":false},"excerpt":{"rendered":"<p>1. Introduction Welcome to xHosting (&#8220;xHosting,&#8221; &#8220;we,&#8221; &#8220;us,&#8221; or &#8220;our&#8221;). By accessing or using our website (www.marveltheme.com) and any related services (collectively, the &#8220;Services&#8221;), you agree to be bound by these Terms &amp; Conditions (&#8220;T&amp;C&#8221;). If you do not agree to these T&amp;C, please do not use our Services. 2. Services Offered xHosting provides custom [&hellip;]<\/p>","protected":false},"author":1,"featured_media":0,"parent":0,"menu_order":0,"comment_status":"closed","ping_status":"closed","template":"elementor_header_footer","meta":{"footnotes":""},"class_list":["post-2295","page","type-page","status-publish","hentry"],"_links":{"self":[{"href":"https:\/\/resellton.com\/de\/wp-json\/wp\/v2\/pages\/2295","targetHints":{"allow":["GET"]}}],"collection":[{"href":"https:\/\/resellton.com\/de\/wp-json\/wp\/v2\/pages"}],"about":[{"href":"https:\/\/resellton.com\/de\/wp-json\/wp\/v2\/types\/page"}],"author":[{"embeddable":true,"href":"https:\/\/resellton.com\/de\/wp-json\/wp\/v2\/users\/1"}],"replies":[{"embeddable":true,"href":"https:\/\/resellton.com\/de\/wp-json\/wp\/v2\/comments?post=2295"}],"version-history":[{"count":0,"href":"https:\/\/resellton.com\/de\/wp-json\/wp\/v2\/pages\/2295\/revisions"}],"wp:attachment":[{"href":"https:\/\/resellton.com\/de\/wp-json\/wp\/v2\/media?parent=2295"}],"curies":[{"name":"wp","href":"https:\/\/api.w.org\/{rel}","templated":true}]}}